{"id":84,"date":"2023-02-14T16:17:42","date_gmt":"2023-02-14T15:17:42","guid":{"rendered":"https:\/\/www.residenzasangiovannibattista.it\/casa-di-riposo-genova-pegli\/?page_id=84"},"modified":"2023-04-17T15:48:40","modified_gmt":"2023-04-17T13:48:40","slug":"la-cucina-stellata","status":"publish","type":"page","link":"https:\/\/www.residenzasangiovannibattista.it\/casa-di-riposo-genova-pegli\/la-cucina-stellata\/","title":{"rendered":"La cucina stellata"},"content":{"rendered":"<p><div class=\"fusion-fullwidth fullwidth-box fusion-builder-row-1 fusion-flex-container has-pattern-background has-mask-background nonhundred-percent-fullwidth non-hundred-percent-height-scrolling\" style=\"--awb-border-radius-top-left:0px;--awb-border-radius-top-right:0px;--awb-border-radius-bottom-right:0px;--awb-border-radius-bottom-left:0px;--awb-flex-wrap:wrap;\" ><div class=\"fusion-builder-row fusion-row fusion-flex-align-items-flex-start fusion-flex-content-wrap\" style=\"max-width:1248px;margin-left: calc(-4% \/ 2 );margin-right: calc(-4% \/ 2 );\"><\/div><\/div><div class=\"fusion-fullwidth fullwidth-box fusion-builder-row-2 fusion-flex-container has-pattern-background has-mask-background nonhundred-percent-fullwidth non-hundred-percent-height-scrolling\" style=\"--awb-border-radius-top-left:0px;--awb-border-radius-top-right:0px;--awb-border-radius-bottom-right:0px;--awb-border-radius-bottom-left:0px;--awb-flex-wrap:wrap;\" ><div class=\"fusion-builder-row fusion-row fusion-flex-align-items-flex-start fusion-flex-content-wrap\" style=\"max-width:1248px;margin-left: calc(-4% \/ 2 );margin-right: calc(-4% \/ 2 );\"><div class=\"fusion-layout-column fusion_builder_column fusion-builder-column-0 fusion_builder_column_1_3 1_3 fusion-flex-column\" style=\"--awb-bg-size:cover;--awb-width-large:33.333333333333%;--awb-margin-top-large:0px;--awb-spacing-right-large:5.76%;--awb-margin-bottom-large:20px;--awb-spacing-left-large:5.76%;--awb-width-medium:33.333333333333%;--awb-order-medium:0;--awb-spacing-right-medium:5.76%;--awb-spacing-left-medium:5.76%;--awb-width-small:100%;--awb-order-small:0;--awb-spacing-right-small:1.92%;--awb-spacing-left-small:1.92%;\"><div class=\"fusion-column-wrapper fusion-column-has-shadow fusion-flex-justify-content-flex-start fusion-content-layout-column\"><div class=\"fusion-image-element \" style=\"--awb-caption-title-font-family:var(--h2_typography-font-family);--awb-caption-title-font-weight:var(--h2_typography-font-weight);--awb-caption-title-font-style:var(--h2_typography-font-style);--awb-caption-title-size:var(--h2_typography-font-size);--awb-caption-title-transform:var(--h2_typography-text-transform);--awb-caption-title-line-height:var(--h2_typography-line-height);--awb-caption-title-letter-spacing:var(--h2_typography-letter-spacing);\"><span class=\" fusion-imageframe imageframe-none imageframe-1 hover-type-none\"><img decoding=\"async\" width=\"800\" height=\"600\" title=\"dsc_4251\" src=\"https:\/\/www.residenzasangiovannibattista.it\/casa-di-riposo-genova-pegli\/wp-content\/uploads\/2023\/02\/dsc_4251.jpg\" alt class=\"img-responsive wp-image-61\" srcset=\"https:\/\/www.residenzasangiovannibattista.it\/casa-di-riposo-genova-pegli\/wp-content\/uploads\/2023\/02\/dsc_4251-200x150.jpg 200w, https:\/\/www.residenzasangiovannibattista.it\/casa-di-riposo-genova-pegli\/wp-content\/uploads\/2023\/02\/dsc_4251-400x300.jpg 400w, https:\/\/www.residenzasangiovannibattista.it\/casa-di-riposo-genova-pegli\/wp-content\/uploads\/2023\/02\/dsc_4251-600x450.jpg 600w, https:\/\/www.residenzasangiovannibattista.it\/casa-di-riposo-genova-pegli\/wp-content\/uploads\/2023\/02\/dsc_4251.jpg 800w\" sizes=\"(max-width: 640px) 100vw, 400px\" \/><\/span><\/div><\/div><\/div><div class=\"fusion-layout-column fusion_builder_column fusion-builder-column-1 fusion_builder_column_2_3 2_3 fusion-flex-column\" style=\"--awb-bg-size:cover;--awb-width-large:66.666666666667%;--awb-margin-top-large:0px;--awb-spacing-right-large:2.88%;--awb-margin-bottom-large:20px;--awb-spacing-left-large:2.88%;--awb-width-medium:66.666666666667%;--awb-order-medium:0;--awb-spacing-right-medium:2.88%;--awb-spacing-left-medium:2.88%;--awb-width-small:100%;--awb-order-small:0;--awb-spacing-right-small:1.92%;--awb-spacing-left-small:1.92%;\"><div class=\"fusion-column-wrapper fusion-column-has-shadow fusion-flex-justify-content-flex-start fusion-content-layout-column\"><div class=\"fusion-title title fusion-title-1 fusion-sep-none fusion-title-text fusion-title-size-two\" style=\"--awb-text-color:var(--awb-color5);--awb-margin-top-small:10px;--awb-margin-right-small:0px;--awb-margin-bottom-small:10px;--awb-margin-left-small:0px;\"><h2 class=\"fusion-title-heading title-heading-left\" style=\"margin:0;\">La Cucina Stellata<\/h2><\/div><div class=\"fusion-text fusion-text-1\"><p style=\"text-align: justify;\"><span style=\"color: #434549;\">La cucina \u00e8 un punto di eccellenza della Residenza San Giovanni Battista. E&#8217; stata ideata dallo Chef Luca Collami stella Michelin.<\/span><br \/>\n<span style=\"color: #434549;\">I men\u00f9 sono studiati in collaborazione con il nutrizionista Dott. Enrico Adriano allo scopo di coniugare la qualit\u00e0 e i sapori di un ristorante di classe con le esigenze degli ospiti di una RSA rispettandone a fondo gusti e necessit\u00e0 ma esaltando i sapori ed aspetto estetico dei cibi al fine di stimolare la corretta nutrizione con un regime alimentare perfettamente equilibrato.<\/span><\/p>\n<\/div><\/div><\/div><\/div><\/div><\/p>\n","protected":false},"excerpt":{"rendered":"","protected":false},"author":1,"featured_media":0,"parent":0,"menu_order":0,"comment_status":"closed","ping_status":"closed","template":"100-width.php","meta":{"footnotes":""},"class_list":["post-84","page","type-page","status-publish","hentry"],"_links":{"self":[{"href":"https:\/\/www.residenzasangiovannibattista.it\/casa-di-riposo-genova-pegli\/wp-json\/wp\/v2\/pages\/84","targetHints":{"allow":["GET"]}}],"collection":[{"href":"https:\/\/www.residenzasangiovannibattista.it\/casa-di-riposo-genova-pegli\/wp-json\/wp\/v2\/pages"}],"about":[{"href":"https:\/\/www.residenzasangiovannibattista.it\/casa-di-riposo-genova-pegli\/wp-json\/wp\/v2\/types\/page"}],"author":[{"embeddable":true,"href":"https:\/\/www.residenzasangiovannibattista.it\/casa-di-riposo-genova-pegli\/wp-json\/wp\/v2\/users\/1"}],"replies":[{"embeddable":true,"href":"https:\/\/www.residenzasangiovannibattista.it\/casa-di-riposo-genova-pegli\/wp-json\/wp\/v2\/comments?post=84"}],"version-history":[{"count":2,"href":"https:\/\/www.residenzasangiovannibattista.it\/casa-di-riposo-genova-pegli\/wp-json\/wp\/v2\/pages\/84\/revisions"}],"predecessor-version":[{"id":112,"href":"https:\/\/www.residenzasangiovannibattista.it\/casa-di-riposo-genova-pegli\/wp-json\/wp\/v2\/pages\/84\/revisions\/112"}],"wp:attachment":[{"href":"https:\/\/www.residenzasangiovannibattista.it\/casa-di-riposo-genova-pegli\/wp-json\/wp\/v2\/media?parent=84"}],"curies":[{"name":"wp","href":"https:\/\/api.w.org\/{rel}","templated":true}]}}